{"id":55,"date":"2016-06-13T15:48:45","date_gmt":"2016-06-13T18:48:45","guid":{"rendered":"http:\/\/sw-themes.com\/porto_dummy\/?page_id=55"},"modified":"2026-03-10T23:03:31","modified_gmt":"2026-03-11T02:03:31","slug":"sobre","status":"publish","type":"page","link":"https:\/\/dornelesassessoria.com.br\/index.php\/sobre\/","title":{"rendered":"Sobre"},"content":{"rendered":"<div class=\"wpb-content-wrapper\"><p>[vc_row wrap_container=&#8221;yes&#8221; css=&#8221;.vc_custom_1640778937153{padding-top: 60px !important;padding-bottom: 30px !important;background-color: #efefef !important;}&#8221;][vc_column][vc_custom_heading text=&#8221;Quem <b>somos<\/b>&#8221; font_container=&#8221;tag:h2|font_size:35|text_align:left|line_height:1.3&#8243; use_theme_fonts=&#8221;yes&#8221; el_class=&#8221;mb-3&#8243;][vc_column_text css=&#8221;&#8221; css_params=&#8221;&#8221;]<\/p>\n<p style=\"text-align: left;\">A Dorneles Contabilidade e Assessoria \u00e9 uma empresa especializada em solu\u00e7\u00f5es cont\u00e1beis, fiscais e empresariais.<br \/>\nAtuamos apoiando empresas no cumprimento das obriga\u00e7\u00f5es fiscais e na estrutura\u00e7\u00e3o estrat\u00e9gica dos neg\u00f3cios.<br \/>\nNosso foco \u00e9 oferecer seguran\u00e7a, organiza\u00e7\u00e3o e intelig\u00eancia empresarial, permitindo que o empres\u00e1rio concentre sua energia no crescimento do neg\u00f3cio.<br \/>\nNosso objetivo \u00e9 ser parceiro estrat\u00e9gico do empres\u00e1rio, auxiliando na tomada de decis\u00f5es, na gest\u00e3o empresarial e na preven\u00e7\u00e3o de riscos fiscais e trabalhistas.<\/p>\n<p style=\"text-align: left;\">Trabalhamos com o conceito de:<br \/>\n&#8211; Arquitetura e Compliance Estrat\u00e9gico Empresarial<br \/>\n&#8211; Estruturando empresas para operar com efici\u00eancia, seguran\u00e7a e sustentabilidade.<\/p>\n<p style=\"text-align: left;\">\n<p style=\"text-align: left;\">\n<p style=\"text-align: left;\">\n<p style=\"text-align: left;\">\n<p>[\/vc_column_text][\/vc_column][\/vc_row][vc_row wrap_container=&#8221;yes&#8221; el_class=&#8221;pb-5 overflow-hidden&#8221;][vc_column width=&#8221;3\/4&#8243; el_class=&#8221;mx-md-auto&#8221; animation_type=&#8221;maskUp&#8221;]<h2 class=\"word-rotator slide short m-t-xxl\" style=\"font-size:32px;line-height:46px;text-align:center;\" data-plugin-options=\"{'waittime': 2500, 'pauseOnHover': false}\"><span class=\"word-rotate-prefix\" style=\"font-weight:700;font-size:32px !important;\">Na Dorneles, n\u00f3s<\/span> <span class=\"word-rotator-items has-bg\" style=\"font-family:&#039;Open Sans&#039;;color:#ffffff;background:#3c3f90;\"><b class=\"active\">Criamos<\/b><b>Construimos<\/b><b>Desenvolvemos<\/b><\/span> <span class=\"word-rotate-suffix\" style=\"font-weight:700;font-size:32px !important;\">Solu\u00e7\u00f5es<\/span><\/h2>[vc_column_text css_animation=&#8221;none&#8221; el_class=&#8221;text-center&#8221;]<\/p>\n<p class=\"lead\">Possu\u00edmos solu\u00e7\u00f5es inteligentes customizadas, comprovadas, eficazes e vi\u00e1veis nas \u00e1reas cont\u00e1bil, fiscal, trabalhista e societ\u00e1ria, proporcionando informa\u00e7\u00f5es mais seguras para a tomada de decis\u00e3o de nossos clientes.<\/p>\n<p>[\/vc_column_text][\/vc_column][\/vc_row][vc_row wrap_container=&#8221;yes&#8221; is_section=&#8221;yes&#8221; remove_margin_top=&#8221;yes&#8221; remove_margin_bottom=&#8221;yes&#8221; remove_border=&#8221;yes&#8221; el_class=&#8221;p-t-xxl row-align-items-center&#8221;][vc_column offset=&#8221;vc_col-md-6&#8243; el_class=&#8221;pr-lg-5 mb-sm-5 mb-lg-0&#8243;][vc_custom_heading text=&#8221;Porque <b>Somos<\/b>&#8221; font_container=&#8221;tag:h2|font_size:35|text_align:left|line_height:1&#8243; use_theme_fonts=&#8221;yes&#8221; el_class=&#8221;mb-3&#8243;][vc_column_text]<\/p>\n<h4><span style=\"color: #3e4095;\">Fazemos de cada a\u00e7\u00e3o um resultado positivo, porque acreditamos ser poss\u00edvel criar uma realidade melhor.<\/span><\/h4>\n<p>Possu\u00edmos solu\u00e7\u00f5es inteligentes customizadas, comprovadas, eficazes e vi\u00e1veis nas \u00e1reas cont\u00e1bil, fiscal, trabalhista e societ\u00e1ria, proporcionando informa\u00e7\u00f5es mais seguras para a tomada de decis\u00e3o de nossos clientes.[\/vc_column_text][\/vc_column][vc_column width=&#8221;1\/2&#8243; offset=&#8221;vc_col-md-offset-2 vc_col-md-4 vc_col-sm-offset-4&#8243; el_class=&#8221;col-sm-8 offset-sm-5 mt-sm-5 pt-sm-5&#8243;][vc_single_image image=&#8221;3285&#8243; img_size=&#8221;full&#8221; css=&#8221;.vc_custom_1641212444755{margin-top: 10% !important;margin-left: -54% !important;}&#8221; animation_delay=&#8221;300&#8243; css_animation=&#8221;none&#8221; el_class=&#8221;position-absolute d-none d-sm-block&#8221; animation_type=&#8221;zoomIn&#8221;][vc_single_image image=&#8221;3284&#8243; img_size=&#8221;full&#8221; css=&#8221;.vc_custom_1641212426032{margin-top: -26% !important;margin-left: -33% !important;}&#8221; animation_delay=&#8221;100&#8243; el_class=&#8221;position-absolute d-none d-sm-block&#8221; animation_type=&#8221;zoomIn&#8221;][vc_single_image image=&#8221;918&#8243; img_size=&#8221;full&#8221; animation_delay=&#8221;600&#8243; el_class=&#8221;position-relative mb-0&#8243; animation_type=&#8221;zoomIn&#8221;][\/vc_column][\/vc_row][vc_row wrap_container=&#8221;yes&#8221; animation_delay=&#8221;&#8221; el_class=&#8221;pb-5&#8243; css=&#8221;.vc_custom_1640779227832{padding-top: 60px !important;padding-bottom: 60px !important;}&#8221;][vc_column][vc_custom_heading text=&#8221;Nossos <b>Princ\u00edpios<\/b>&#8221; font_container=&#8221;tag:h2|font_size:35|text_align:left|line_height:1.3&#8243; use_theme_fonts=&#8221;yes&#8221; el_class=&#8221;mb-3&#8243;][vc_empty_space height=&#8221;30px&#8221;][vc_row_inner][vc_column_inner width=&#8221;1\/3&#8243; animation_delay=&#8221;800&#8243; animation_type=&#8221;fadeInLeft&#8221;]<div class=\"porto-sicon-box  wpb_custom_a7464e128fafd79850ce33c11c75cfd0 style_1 left-icon\"><div class=\"porto-sicon-body\"><div class=\"porto-sicon-header\"><h3 class=\"porto-sicon-title\" style=\"\">Politica de Qualidade<\/h3><\/div> <!-- header --><div class=\"porto-sicon-description\" style=\"\">A Dorneles Contabilidade e Assessoria trabalha com \u00e9tica e valoriza\u00e7\u00e3o profissional, atendendo \u00e0 legisla\u00e7\u00e3o e \u00e0s normas de contabilidade; buscando sempre a melhoria cont\u00ednua de seus processos, atendimento aos requisitos legais e a satisfa\u00e7\u00e3o de seus Clientes.<\/div> <!-- description --><\/div><\/div><!-- porto-sicon-box -->[\/vc_column_inner][vc_column_inner width=&#8221;1\/3&#8243; animation_delay=&#8221;600&#8243; animation_type=&#8221;fadeIn&#8221;]<div class=\"porto-sicon-box  wpb_custom_a7464e128fafd79850ce33c11c75cfd0 style_1 left-icon\"><div class=\"porto-sicon-body\"><div class=\"porto-sicon-header\"><h3 class=\"porto-sicon-title\" style=\"\">Miss\u00e3o<\/h3><\/div> <!-- header --><div class=\"porto-sicon-description\" style=\"\">Prover orienta\u00e7\u00e3o, informa\u00e7\u00e3o, conhecimento e tecnologia para a gest\u00e3o, o desenvolvimento cont\u00ednuo e aumento de competitividade dos empreendimentos.<\/div> <!-- description --><\/div><\/div><!-- porto-sicon-box -->[\/vc_column_inner][vc_column_inner width=&#8221;1\/3&#8243; animation_delay=&#8221;800&#8243; animation_type=&#8221;fadeInRight&#8221;]<div class=\"porto-sicon-box  wpb_custom_a7464e128fafd79850ce33c11c75cfd0 style_1 left-icon\"><div class=\"porto-sicon-body\"><div class=\"porto-sicon-header\"><h3 class=\"porto-sicon-title\" style=\"\">Valores<\/h3><\/div> <!-- header --><div class=\"porto-sicon-description\" style=\"\">\u2022\u00c9tica<br \/>\n\u2022Credibilidade<br \/>\n\u2022Comprometimento<br \/>\n\u2022Transpar\u00eancia<br \/>\n\u2022Responsabilidade Social<br \/>\n\u2022Confian\u00e7a<\/div> <!-- description --><\/div><\/div><!-- porto-sicon-box -->[\/vc_column_inner][\/vc_row_inner][\/vc_column][\/vc_row]<\/p>\n<\/div>","protected":false},"excerpt":{"rendered":"<p>[vc_row wrap_container=&#8221;yes&#8221; css=&#8221;.vc_custom_1640778937153{padding-top: 60px !important;padding-bottom: 30px !important;background-color: #efefef !important;}&#8221;][vc_column][vc_custom_heading text=&#8221;Quem somos&#8221; font_container=&#8221;tag:h2|font_size:35|text_align:left|line_height:1.3&#8243; use_theme_fonts=&#8221;yes&#8221; el_class=&#8221;mb-3&#8243;][vc_column_text css=&#8221;&#8221; css_params=&#8221;&#8221;] A Dorneles Contabilidade e Assessoria \u00e9 uma empresa especializada em solu\u00e7\u00f5es cont\u00e1beis, fiscais e empresariais. Atuamos apoiando empresas no cumprimento das obriga\u00e7\u00f5es fiscais e na estrutura\u00e7\u00e3o estrat\u00e9gica dos neg\u00f3cios. Nosso foco \u00e9 oferecer seguran\u00e7a, organiza\u00e7\u00e3o e intelig\u00eancia empresarial, permitindo [&hellip;]<\/p>\n","protected":false},"author":3,"featured_media":0,"parent":0,"menu_order":0,"comment_status":"closed","ping_status":"closed","template":"","meta":{"footnotes":""},"class_list":["post-55","page","type-page","status-publish","hentry"],"_links":{"self":[{"href":"https:\/\/dornelesassessoria.com.br\/index.php\/wp-json\/wp\/v2\/pages\/55","targetHints":{"allow":["GET"]}}],"collection":[{"href":"https:\/\/dornelesassessoria.com.br\/index.php\/wp-json\/wp\/v2\/pages"}],"about":[{"href":"https:\/\/dornelesassessoria.com.br\/index.php\/wp-json\/wp\/v2\/types\/page"}],"author":[{"embeddable":true,"href":"https:\/\/dornelesassessoria.com.br\/index.php\/wp-json\/wp\/v2\/users\/3"}],"replies":[{"embeddable":true,"href":"https:\/\/dornelesassessoria.com.br\/index.php\/wp-json\/wp\/v2\/comments?post=55"}],"version-history":[{"count":36,"href":"https:\/\/dornelesassessoria.com.br\/index.php\/wp-json\/wp\/v2\/pages\/55\/revisions"}],"predecessor-version":[{"id":3476,"href":"https:\/\/dornelesassessoria.com.br\/index.php\/wp-json\/wp\/v2\/pages\/55\/revisions\/3476"}],"wp:attachment":[{"href":"https:\/\/dornelesassessoria.com.br\/index.php\/wp-json\/wp\/v2\/media?parent=55"}],"curies":[{"name":"wp","href":"https:\/\/api.w.org\/{rel}","templated":true}]}}