{"id":3364,"date":"2022-01-06T10:55:11","date_gmt":"2022-01-06T13:55:11","guid":{"rendered":"https:\/\/dornelesassessoria.com.br\/?page_id=3364"},"modified":"2022-01-06T11:02:16","modified_gmt":"2022-01-06T14:02:16","slug":"servico-societario","status":"publish","type":"page","link":"https:\/\/dornelesassessoria.com.br\/index.php\/servico-societario\/","title":{"rendered":"Servi\u00e7o Societ\u00e1rio"},"content":{"rendered":"<div class=\"wpb-content-wrapper\"><p>[vc_row][vc_column width=&#8221;2\/3&#8243;][vc_empty_space height=&#8221;25px&#8221;][vc_single_image image=&#8221;3365&#8243; img_size=&#8221;full&#8221; label=&#8221;&#8221;][vc_column_text]<strong>Abertura de Empresas<\/strong><\/p>\n<p>A \u00e1rea de abertura de empresas \u00e9 respons\u00e1vel pela constitui\u00e7\u00e3o da firma a ser aberta. Inicia-se com uma reuni\u00e3o onde os futuros s\u00f3cios decidem o que e de que forma ser\u00e1 regida a sociedade. Estabelecidas as regras, procederemos com a abertura nos \u00f3rg\u00e3os p\u00fablicos (Junta Comercial ou Cart\u00f3rio de Registro Civil; Receita Federal do Brasil, Posto Fiscal; Prefeitura; INSS, etc). Nasce ent\u00e3o a empresa que passar\u00e1 a ter inscri\u00e7\u00f5es nestes \u00f3rg\u00e3os de modo que possa contrair neg\u00f3cios para qual foi criada;<\/p>\n<p><strong>Altera\u00e7\u00e3o Contratual<\/strong><\/p>\n<p>No decorrer do tempo, h\u00e1 altera\u00e7\u00f5es dentro de uma sociedade que precisam se tratadas por escrito modificando o contrato social. Essas altera\u00e7\u00f5es v\u00e3o desde sa\u00edda ou entrada de s\u00f3cios, aumento do capital social (este \u00faltimo necessita assessoria cont\u00e1bil), altera\u00e7\u00e3o\/amplia\u00e7\u00e3o\/redu\u00e7\u00e3o da atividade da empresa, entre outros;<\/p>\n<p><strong>Encerramento de Empresas<\/strong><\/p>\n<p>Uma vez que a empresa deixa de atender aos interesses dos s\u00f3cios, h\u00e1 a necessidade de encerr\u00e1-la. Um caminho burocr\u00e1tico e moroso a ser percorrido, que necessita a total aten\u00e7\u00e3o e acompanhamento dos nossos profissionais, para n\u00e3o haja pend\u00eancias futuras e surpreenda os antigos s\u00f3cios quando os mesmos acreditavam que nada mais havia da empresa. Portanto, uma \u00e1rea de grande import\u00e2ncia.[\/vc_column_text][\/vc_column][vc_column width=&#8221;1\/3&#8243;][vc_empty_space height=&#8221;25px&#8221;][vc_cta h2=&#8221;Conte-nos sobre seu neg\u00f3cio. Com certeza poderemos te ajudar!&#8221; h4_font_container=&#8221;tag:h4|text_align:left&#8221; h4_google_fonts=&#8221;font_family:Roboto%3A100%2C100italic%2C300%2C300italic%2Cregular%2Citalic%2C500%2C500italic%2C700%2C700italic%2C900%2C900italic|font_style:400%20regular%3A400%3Anormal&#8221; shape=&#8221;square&#8221; style=&#8221;3d&#8221; add_button=&#8221;bottom&#8221; btn_title=&#8221;ENTRE EM CONTATO&#8221; btn_style=&#8221;3d&#8221; btn_shape=&#8221;square&#8221; btn_align=&#8221;center&#8221; btn_skin=&#8221;quaternary&#8221; btn_btn_fs=&#8221;20&#8243; btn_btn_fw=&#8221;500&#8243; use_custom_fonts_h4=&#8221;true&#8221; btn_link=&#8221;url:https%3A%2F%2Fdornelesassessoria.com.br%2Findex.php%2Fcontato%2F|title:contato&#8221; btn_animation_type=&#8221;bounce&#8221;]<span style=\"font-family: helvetica, arial, sans-serif;\">Estamos aguardando seu contato, na expectativa de uma reuni\u00e3o conosco no qual ser\u00e1 muito produtiva , queremos ouvir voc\u00ea e suas necessidades para possamos trabalhar juntos nas melhores solu\u00e7\u00f5es atrav\u00e9s de nossa expertise no mercado.<\/span>[\/vc_cta][\/vc_column][\/vc_row]<\/p>\n<\/div>","protected":false},"excerpt":{"rendered":"<p>[vc_row][vc_column width=&#8221;2\/3&#8243;][vc_empty_space height=&#8221;25px&#8221;][vc_single_image image=&#8221;3365&#8243; img_size=&#8221;full&#8221; label=&#8221;&#8221;][vc_column_text]Abertura de Empresas A \u00e1rea de abertura de empresas \u00e9 respons\u00e1vel pela constitui\u00e7\u00e3o da firma a ser aberta. Inicia-se com uma reuni\u00e3o onde os futuros s\u00f3cios decidem o que e de que forma ser\u00e1 regida a sociedade. Estabelecidas as regras, procederemos com a abertura nos \u00f3rg\u00e3os p\u00fablicos (Junta Comercial ou [&hellip;]<\/p>\n","protected":false},"author":3,"featured_media":0,"parent":0,"menu_order":0,"comment_status":"closed","ping_status":"closed","template":"","meta":{"footnotes":""},"class_list":["post-3364","page","type-page","status-publish","hentry"],"_links":{"self":[{"href":"https:\/\/dornelesassessoria.com.br\/index.php\/wp-json\/wp\/v2\/pages\/3364","targetHints":{"allow":["GET"]}}],"collection":[{"href":"https:\/\/dornelesassessoria.com.br\/index.php\/wp-json\/wp\/v2\/pages"}],"about":[{"href":"https:\/\/dornelesassessoria.com.br\/index.php\/wp-json\/wp\/v2\/types\/page"}],"author":[{"embeddable":true,"href":"https:\/\/dornelesassessoria.com.br\/index.php\/wp-json\/wp\/v2\/users\/3"}],"replies":[{"embeddable":true,"href":"https:\/\/dornelesassessoria.com.br\/index.php\/wp-json\/wp\/v2\/comments?post=3364"}],"version-history":[{"count":1,"href":"https:\/\/dornelesassessoria.com.br\/index.php\/wp-json\/wp\/v2\/pages\/3364\/revisions"}],"predecessor-version":[{"id":3366,"href":"https:\/\/dornelesassessoria.com.br\/index.php\/wp-json\/wp\/v2\/pages\/3364\/revisions\/3366"}],"wp:attachment":[{"href":"https:\/\/dornelesassessoria.com.br\/index.php\/wp-json\/wp\/v2\/media?parent=3364"}],"curies":[{"name":"wp","href":"https:\/\/api.w.org\/{rel}","templated":true}]}}