{"id":3360,"date":"2022-01-06T10:53:05","date_gmt":"2022-01-06T13:53:05","guid":{"rendered":"https:\/\/dornelesassessoria.com.br\/?page_id=3360"},"modified":"2022-01-06T11:01:58","modified_gmt":"2022-01-06T14:01:58","slug":"servico-tributario","status":"publish","type":"page","link":"https:\/\/dornelesassessoria.com.br\/index.php\/servico-tributario\/","title":{"rendered":"Servi\u00e7o Tribut\u00e1rio"},"content":{"rendered":"<div class=\"wpb-content-wrapper\"><p>[vc_row][vc_column width=&#8221;2\/3&#8243;][vc_empty_space height=&#8221;25px&#8221;][vc_single_image image=&#8221;3361&#8243; img_size=&#8221;full&#8221; label=&#8221;&#8221;][vc_column_text]Departamento respons\u00e1vel pela an\u00e1lise e aplica\u00e7\u00e3o de ferramentas para que a empresa tenha a melhor forma de tributa\u00e7\u00e3o, ocasionando redu\u00e7\u00e3o de tempo e custo no processo.<\/p>\n<p>\u200b\u2013 Consultoria em PIS, COFINS, ICMS, ISS, ITR, IRPJ E CSLL[\/vc_column_text][\/vc_column][vc_column width=&#8221;1\/3&#8243;][vc_empty_space height=&#8221;25px&#8221;][vc_cta h2=&#8221;Conte-nos sobre seu neg\u00f3cio. Com certeza poderemos te ajudar!&#8221; h4_font_container=&#8221;tag:h4|text_align:left&#8221; h4_google_fonts=&#8221;font_family:Roboto%3A100%2C100italic%2C300%2C300italic%2Cregular%2Citalic%2C500%2C500italic%2C700%2C700italic%2C900%2C900italic|font_style:400%20regular%3A400%3Anormal&#8221; shape=&#8221;square&#8221; style=&#8221;3d&#8221; add_button=&#8221;bottom&#8221; btn_title=&#8221;ENTRE EM CONTATO&#8221; btn_style=&#8221;3d&#8221; btn_shape=&#8221;square&#8221; btn_align=&#8221;center&#8221; btn_skin=&#8221;quaternary&#8221; btn_btn_fs=&#8221;20&#8243; btn_btn_fw=&#8221;500&#8243; use_custom_fonts_h4=&#8221;true&#8221; btn_link=&#8221;url:https%3A%2F%2Fdornelesassessoria.com.br%2Findex.php%2Fcontato%2F|title:contato&#8221; btn_animation_type=&#8221;bounce&#8221;]<span style=\"font-family: helvetica, arial, sans-serif;\">Estamos aguardando seu contato, na expectativa de uma reuni\u00e3o conosco no qual ser\u00e1 muito produtiva , queremos ouvir voc\u00ea e suas necessidades para possamos trabalhar juntos nas melhores solu\u00e7\u00f5es atrav\u00e9s de nossa expertise no mercado.<\/span>[\/vc_cta][\/vc_column][\/vc_row]<\/p>\n<\/div>","protected":false},"excerpt":{"rendered":"<p>[vc_row][vc_column width=&#8221;2\/3&#8243;][vc_empty_space height=&#8221;25px&#8221;][vc_single_image image=&#8221;3361&#8243; img_size=&#8221;full&#8221; label=&#8221;&#8221;][vc_column_text]Departamento respons\u00e1vel pela an\u00e1lise e aplica\u00e7\u00e3o de ferramentas para que a empresa tenha a melhor forma de tributa\u00e7\u00e3o, ocasionando redu\u00e7\u00e3o de tempo e custo no processo. \u200b\u2013 Consultoria em PIS, COFINS, ICMS, ISS, ITR, IRPJ E CSLL[\/vc_column_text][\/vc_column][vc_column width=&#8221;1\/3&#8243;][vc_empty_space height=&#8221;25px&#8221;][vc_cta h2=&#8221;Conte-nos sobre seu neg\u00f3cio. Com certeza poderemos te ajudar!&#8221; h4_font_container=&#8221;tag:h4|text_align:left&#8221; h4_google_fonts=&#8221;font_family:Roboto%3A100%2C100italic%2C300%2C300italic%2Cregular%2Citalic%2C500%2C500italic%2C700%2C700italic%2C900%2C900italic|font_style:400%20regular%3A400%3Anormal&#8221; [&hellip;]<\/p>\n","protected":false},"author":3,"featured_media":0,"parent":0,"menu_order":0,"comment_status":"closed","ping_status":"closed","template":"","meta":{"footnotes":""},"class_list":["post-3360","page","type-page","status-publish","hentry"],"_links":{"self":[{"href":"https:\/\/dornelesassessoria.com.br\/index.php\/wp-json\/wp\/v2\/pages\/3360","targetHints":{"allow":["GET"]}}],"collection":[{"href":"https:\/\/dornelesassessoria.com.br\/index.php\/wp-json\/wp\/v2\/pages"}],"about":[{"href":"https:\/\/dornelesassessoria.com.br\/index.php\/wp-json\/wp\/v2\/types\/page"}],"author":[{"embeddable":true,"href":"https:\/\/dornelesassessoria.com.br\/index.php\/wp-json\/wp\/v2\/users\/3"}],"replies":[{"embeddable":true,"href":"https:\/\/dornelesassessoria.com.br\/index.php\/wp-json\/wp\/v2\/comments?post=3360"}],"version-history":[{"count":1,"href":"https:\/\/dornelesassessoria.com.br\/index.php\/wp-json\/wp\/v2\/pages\/3360\/revisions"}],"predecessor-version":[{"id":3362,"href":"https:\/\/dornelesassessoria.com.br\/index.php\/wp-json\/wp\/v2\/pages\/3360\/revisions\/3362"}],"wp:attachment":[{"href":"https:\/\/dornelesassessoria.com.br\/index.php\/wp-json\/wp\/v2\/media?parent=3360"}],"curies":[{"name":"wp","href":"https:\/\/api.w.org\/{rel}","templated":true}]}}