{"id":3356,"date":"2022-01-06T10:49:37","date_gmt":"2022-01-06T13:49:37","guid":{"rendered":"https:\/\/dornelesassessoria.com.br\/?page_id=3356"},"modified":"2022-01-06T11:01:16","modified_gmt":"2022-01-06T14:01:16","slug":"servico-contabil","status":"publish","type":"page","link":"https:\/\/dornelesassessoria.com.br\/index.php\/servico-contabil\/","title":{"rendered":"Servi\u00e7o Cont\u00e1bil"},"content":{"rendered":"<div class=\"wpb-content-wrapper\"><p>[vc_row][vc_column width=&#8221;2\/3&#8243;][vc_empty_space height=&#8221;25px&#8221;][vc_single_image image=&#8221;3357&#8243; img_size=&#8221;full&#8221; label=&#8221;&#8221;][vc_column_text]Departamento respons\u00e1vel pelo registro e avalia\u00e7\u00e3o das informa\u00e7\u00f5es econ\u00f4micas e financeiras de uma empresa ou organiza\u00e7\u00e3o com a finalidade de dar a seus gestores a real situa\u00e7\u00e3o da empresa por meio de relat\u00f3rios cont\u00e1beis mensais.<\/p>\n<p>Utiliza as diversas demonstra\u00e7\u00f5es cont\u00e1beis para a tomada de decis\u00e3o junto aos clientes, visando uma escritura\u00e7\u00e3o cont\u00e1bil, eficaz e consistente de acordo com a legisla\u00e7\u00e3o e os princ\u00edpios fundamentais da contabilidade, buscando sempre um planejamento tribut\u00e1rio adequado a cada cliente, atrav\u00e9s de nossos servi\u00e7os, como:<\/p>\n<p>\u2013 Balan\u00e7o<\/p>\n<p>\u2013 Balancete<\/p>\n<p>\u2013 Analise Econ\u00f4mica Financeira<\/p>\n<p>\u2013 Gr\u00e1ficos Econ\u00f4micos Financeiros<\/p>\n<p>\u2013 Livros Di\u00e1rios e Raz\u00e3o<\/p>\n<p>\u2013 Avalia\u00e7\u00e3o de Patrim\u00f4nio[\/vc_column_text][\/vc_column][vc_column width=&#8221;1\/3&#8243;][vc_empty_space height=&#8221;25px&#8221;][vc_cta h2=&#8221;Conte-nos sobre seu neg\u00f3cio. Com certeza poderemos te ajudar!&#8221; h4_font_container=&#8221;tag:h4|text_align:left&#8221; h4_google_fonts=&#8221;font_family:Roboto%3A100%2C100italic%2C300%2C300italic%2Cregular%2Citalic%2C500%2C500italic%2C700%2C700italic%2C900%2C900italic|font_style:400%20regular%3A400%3Anormal&#8221; shape=&#8221;square&#8221; style=&#8221;3d&#8221; add_button=&#8221;bottom&#8221; btn_title=&#8221;ENTRE EM CONTATO&#8221; btn_style=&#8221;3d&#8221; btn_shape=&#8221;square&#8221; btn_align=&#8221;center&#8221; btn_skin=&#8221;quaternary&#8221; btn_btn_fs=&#8221;20&#8243; btn_btn_fw=&#8221;500&#8243; use_custom_fonts_h4=&#8221;true&#8221; btn_link=&#8221;url:https%3A%2F%2Fdornelesassessoria.com.br%2Findex.php%2Fcontato%2F|title:contato&#8221; btn_animation_type=&#8221;bounce&#8221;]<span style=\"font-family: helvetica, arial, sans-serif;\">Estamos aguardando seu contato, na expectativa de uma reuni\u00e3o conosco no qual ser\u00e1 muito produtiva , queremos ouvir voc\u00ea e suas necessidades para possamos trabalhar juntos nas melhores solu\u00e7\u00f5es atrav\u00e9s de nossa expertise no mercado.<\/span>[\/vc_cta][\/vc_column][\/vc_row]<\/p>\n<\/div>","protected":false},"excerpt":{"rendered":"<p>[vc_row][vc_column width=&#8221;2\/3&#8243;][vc_empty_space height=&#8221;25px&#8221;][vc_single_image image=&#8221;3357&#8243; img_size=&#8221;full&#8221; label=&#8221;&#8221;][vc_column_text]Departamento respons\u00e1vel pelo registro e avalia\u00e7\u00e3o das informa\u00e7\u00f5es econ\u00f4micas e financeiras de uma empresa ou organiza\u00e7\u00e3o com a finalidade de dar a seus gestores a real situa\u00e7\u00e3o da empresa por meio de relat\u00f3rios cont\u00e1beis mensais. Utiliza as diversas demonstra\u00e7\u00f5es cont\u00e1beis para a tomada de decis\u00e3o junto aos clientes, visando uma [&hellip;]<\/p>\n","protected":false},"author":3,"featured_media":0,"parent":0,"menu_order":0,"comment_status":"closed","ping_status":"closed","template":"","meta":{"footnotes":""},"class_list":["post-3356","page","type-page","status-publish","hentry"],"_links":{"self":[{"href":"https:\/\/dornelesassessoria.com.br\/index.php\/wp-json\/wp\/v2\/pages\/3356","targetHints":{"allow":["GET"]}}],"collection":[{"href":"https:\/\/dornelesassessoria.com.br\/index.php\/wp-json\/wp\/v2\/pages"}],"about":[{"href":"https:\/\/dornelesassessoria.com.br\/index.php\/wp-json\/wp\/v2\/types\/page"}],"author":[{"embeddable":true,"href":"https:\/\/dornelesassessoria.com.br\/index.php\/wp-json\/wp\/v2\/users\/3"}],"replies":[{"embeddable":true,"href":"https:\/\/dornelesassessoria.com.br\/index.php\/wp-json\/wp\/v2\/comments?post=3356"}],"version-history":[{"count":1,"href":"https:\/\/dornelesassessoria.com.br\/index.php\/wp-json\/wp\/v2\/pages\/3356\/revisions"}],"predecessor-version":[{"id":3358,"href":"https:\/\/dornelesassessoria.com.br\/index.php\/wp-json\/wp\/v2\/pages\/3356\/revisions\/3358"}],"wp:attachment":[{"href":"https:\/\/dornelesassessoria.com.br\/index.php\/wp-json\/wp\/v2\/media?parent=3356"}],"curies":[{"name":"wp","href":"https:\/\/api.w.org\/{rel}","templated":true}]}}