{"id":3111,"date":"2021-12-29T14:06:19","date_gmt":"2021-12-29T17:06:19","guid":{"rendered":"https:\/\/dornelesassessoria.com.br\/?page_id=3111"},"modified":"2022-01-06T11:09:06","modified_gmt":"2022-01-06T14:09:06","slug":"noticias","status":"publish","type":"page","link":"https:\/\/dornelesassessoria.com.br\/index.php\/noticias\/","title":{"rendered":"Not\u00edcias"},"content":{"rendered":"<div class=\"wpb-content-wrapper\"><p>[vc_row][vc_column][vc_empty_space][\/vc_column][\/vc_row][vc_row wrap_container=&#8221;yes&#8221;][vc_column]<div class=\"porto-blog wpb_content_element   wpb_custom_9c745ac33a8bb4820cfc6b89805915cc porto-blog-e0b603537120859819a60b8e18355fe8\">\t\t<div class=\"blog-posts posts-grid blog-posts-date\">\n\t\t\t<div class=\"posts-container row\">\n\t\t\n<article class=\"post post-grid col-md-6 col-lg-4 post-3269 post type-post status-publish format-standard hentry category-noticias\">\n\t<div class=\"grid-box\">\n\t\t\t<div class=\"post-image single\">\n\t\t<div class=\"post-slideshow porto-carousel owl-carousel has-ccols ccols-1  nav-inside nav-inside-center nav-style-2 show-nav-hover\" data-plugin-options='{\"nav\":true}'>\n\t\t\t\t\t\t\t\t\t\t\t<a href=\"https:\/\/dornelesassessoria.com.br\/index.php\/2022\/01\/03\/simples-nacional-saiba-como-solicitar-enquadramento-em-2022\/\" aria-label=\"post image\">\n\t\t\t\t\t\t\t\t<div class=\"img-thumbnail\">\n\t\t\t\t\t\t<img loading=\"lazy\" decoding=\"async\" width=\"400\" height=\"300\" src=\"https:\/\/dornelesassessoria.com.br\/wp-content\/uploads\/2022\/01\/n_49839_7c1f77d3ecf690ed0973c0cf56ef7a4f-400x300.jpg\" class=\"owl-lazy img-responsive\" alt=\"\" \/>\t\t\t\t\t\t\t\t\t\t\t\t\t<span class=\"zoom\" data-src=\"https:\/\/dornelesassessoria.com.br\/wp-content\/uploads\/2022\/01\/n_49839_7c1f77d3ecf690ed0973c0cf56ef7a4f.jpg\" data-title=\"\"><i class=\"fas fa-search\"><\/i><\/span>\n\t\t\t\t\t\t\t\t\t\t\t<\/div>\n\t\t\t\t\t\t\t\t<\/a>\n\t\t\t\t\t\t\t\t<\/div>\n\t\t\n\t\t\t\t\t\t\t\t<div class=\"post-date\"><span class=\"day\">03<\/span><span class=\"month\">jan<\/span><time datetime=\"2022-01-03\">3 de janeiro de 2022<\/time><\/div>\t\t\t<\/div>\n\t\n\t\t<!-- Post meta before content -->\n\t\t\t\t<div class=\"post-content\">\n\n\t\t\t<h4 aria-level=\"2\" class=\"entry-title\"><a href=\"https:\/\/dornelesassessoria.com.br\/index.php\/2022\/01\/03\/simples-nacional-saiba-como-solicitar-enquadramento-em-2022\/\">Simples Nacional: saiba como solicitar enquadramento em 2022<\/a><\/h4>\n\t\t\t<span class=\"vcard\" style=\"display: none;\"><span class=\"fn\"><a href=\"https:\/\/dornelesassessoria.com.br\/index.php\/author\/cleber\/\" title=\"Posts de Cleber\" rel=\"author\">Cleber<\/a><\/span><\/span><span class=\"updated\" style=\"display:none\">2022-01-03T08:57:43-03:00<\/span><p class=\"post-excerpt\">Um novo ano est\u00e1 chegando e, com ele, a revis\u00e3o de faturamento e o planejamento tribut\u00e1rio de muitas empresas.\r\n\r\nAs organiza\u00e7\u00f5es...<\/p>\t\t\t\t\t<\/div>\n\t\t<!-- Post meta after content -->\n\t\t<div class=\"post-meta\"><\/div>\t\t<div class=\"clearfix\">\n\t\t\t<a class=\"btn btn-xs btn-default text-xs text-uppercase btn-readmore\" href=\"https:\/\/dornelesassessoria.com.br\/index.php\/2022\/01\/03\/simples-nacional-saiba-como-solicitar-enquadramento-em-2022\/\">Read more...<\/a>\n\t\t<\/div>\n\t<\/div>\n<\/article>\n\n<article class=\"post post-grid col-md-6 col-lg-4 post-3263 post type-post status-publish format-standard hentry category-noticias\">\n\t<div class=\"grid-box\">\n\t\t\t<div class=\"post-image single\">\n\t\t<div class=\"post-slideshow porto-carousel owl-carousel has-ccols ccols-1  nav-inside nav-inside-center nav-style-2 show-nav-hover\" data-plugin-options='{\"nav\":true}'>\n\t\t\t\t\t\t\t\t\t\t\t<a href=\"https:\/\/dornelesassessoria.com.br\/index.php\/2022\/01\/03\/inss-quando-compensa-descartar-salarios-da-aposentadoria-para-aumentar-valor-do-beneficio\/\" aria-label=\"post image\">\n\t\t\t\t\t\t\t\t<div class=\"img-thumbnail\">\n\t\t\t\t\t\t<img loading=\"lazy\" decoding=\"async\" width=\"400\" height=\"300\" src=\"https:\/\/dornelesassessoria.com.br\/wp-content\/uploads\/2022\/01\/n_49794_f4d79e5a75ab2ff440b5b7287f13c610-400x300.jpg\" class=\"owl-lazy img-responsive\" alt=\"\" \/>\t\t\t\t\t\t\t\t\t\t\t\t\t<span class=\"zoom\" data-src=\"https:\/\/dornelesassessoria.com.br\/wp-content\/uploads\/2022\/01\/n_49794_f4d79e5a75ab2ff440b5b7287f13c610.jpg\" data-title=\"\"><i class=\"fas fa-search\"><\/i><\/span>\n\t\t\t\t\t\t\t\t\t\t\t<\/div>\n\t\t\t\t\t\t\t\t<\/a>\n\t\t\t\t\t\t\t\t<\/div>\n\t\t\n\t\t\t\t\t\t\t\t<div class=\"post-date\"><span class=\"day\">03<\/span><span class=\"month\">jan<\/span><time datetime=\"2022-01-03\">3 de janeiro de 2022<\/time><\/div>\t\t\t<\/div>\n\t\n\t\t<!-- Post meta before content -->\n\t\t\t\t<div class=\"post-content\">\n\n\t\t\t<h4 aria-level=\"2\" class=\"entry-title\"><a href=\"https:\/\/dornelesassessoria.com.br\/index.php\/2022\/01\/03\/inss-quando-compensa-descartar-salarios-da-aposentadoria-para-aumentar-valor-do-beneficio\/\">INSS: quando compensa descartar sal\u00e1rios da aposentadoria para aumentar valor do benef\u00edcio?<\/a><\/h4>\n\t\t\t<span class=\"vcard\" style=\"display: none;\"><span class=\"fn\"><a href=\"https:\/\/dornelesassessoria.com.br\/index.php\/author\/cleber\/\" title=\"Posts de Cleber\" rel=\"author\">Cleber<\/a><\/span><\/span><span class=\"updated\" style=\"display:none\">2022-01-03T08:53:15-03:00<\/span><p class=\"post-excerpt\">Para aumentar o valor da\u00a0aposentadoria,\u00a0trabalhadores que v\u00e3o ingressar com o pedido e quem t\u00eam mais do que o tempo m\u00ednimo...<\/p>\t\t\t\t\t<\/div>\n\t\t<!-- Post meta after content -->\n\t\t<div class=\"post-meta\"><\/div>\t\t<div class=\"clearfix\">\n\t\t\t<a class=\"btn btn-xs btn-default text-xs text-uppercase btn-readmore\" href=\"https:\/\/dornelesassessoria.com.br\/index.php\/2022\/01\/03\/inss-quando-compensa-descartar-salarios-da-aposentadoria-para-aumentar-valor-do-beneficio\/\">Read more...<\/a>\n\t\t<\/div>\n\t<\/div>\n<\/article>\n\n<article class=\"post post-grid col-md-6 col-lg-4 post-3250 post type-post status-publish format-standard hentry category-noticias\">\n\t<div class=\"grid-box\">\n\t\t\t<div class=\"post-image single\">\n\t\t<div class=\"post-slideshow porto-carousel owl-carousel has-ccols ccols-1  nav-inside nav-inside-center nav-style-2 show-nav-hover\" data-plugin-options='{\"nav\":true}'>\n\t\t\t\t\t\t\t\t\t\t\t<a href=\"https:\/\/dornelesassessoria.com.br\/index.php\/2022\/01\/03\/pesquisa-aponta-que-44-dos-jovens-se-baseiam-nas-redes-sociais-para-investir\/\" aria-label=\"post image\">\n\t\t\t\t\t\t\t\t<div class=\"img-thumbnail\">\n\t\t\t\t\t\t<img loading=\"lazy\" decoding=\"async\" width=\"400\" height=\"300\" src=\"https:\/\/dornelesassessoria.com.br\/wp-content\/uploads\/2022\/01\/n_49796_13df25d0ce88926d55198c209aecc589-400x300.jpg\" class=\"owl-lazy img-responsive\" alt=\"\" \/>\t\t\t\t\t\t\t\t\t\t\t\t\t<span class=\"zoom\" data-src=\"https:\/\/dornelesassessoria.com.br\/wp-content\/uploads\/2022\/01\/n_49796_13df25d0ce88926d55198c209aecc589.jpg\" data-title=\"\"><i class=\"fas fa-search\"><\/i><\/span>\n\t\t\t\t\t\t\t\t\t\t\t<\/div>\n\t\t\t\t\t\t\t\t<\/a>\n\t\t\t\t\t\t\t\t<\/div>\n\t\t\n\t\t\t\t\t\t\t\t<div class=\"post-date\"><span class=\"day\">03<\/span><span class=\"month\">jan<\/span><time datetime=\"2022-01-03\">3 de janeiro de 2022<\/time><\/div>\t\t\t<\/div>\n\t\n\t\t<!-- Post meta before content -->\n\t\t\t\t<div class=\"post-content\">\n\n\t\t\t<h4 aria-level=\"2\" class=\"entry-title\"><a href=\"https:\/\/dornelesassessoria.com.br\/index.php\/2022\/01\/03\/pesquisa-aponta-que-44-dos-jovens-se-baseiam-nas-redes-sociais-para-investir\/\">Pesquisa aponta que 44% dos jovens se baseiam nas redes sociais para investir<\/a><\/h4>\n\t\t\t<span class=\"vcard\" style=\"display: none;\"><span class=\"fn\"><a href=\"https:\/\/dornelesassessoria.com.br\/index.php\/author\/cleber\/\" title=\"Posts de Cleber\" rel=\"author\">Cleber<\/a><\/span><\/span><span class=\"updated\" style=\"display:none\">2022-01-03T08:38:49-03:00<\/span><p class=\"post-excerpt\">Segundo o levantamento, 64% dos entrevistados acham que \u00e9 poss\u00edvel ganhar muito dinheiro em pouco tempo com base em dicas...<\/p>\t\t\t\t\t<\/div>\n\t\t<!-- Post meta after content -->\n\t\t<div class=\"post-meta\"><\/div>\t\t<div class=\"clearfix\">\n\t\t\t<a class=\"btn btn-xs btn-default text-xs text-uppercase btn-readmore\" href=\"https:\/\/dornelesassessoria.com.br\/index.php\/2022\/01\/03\/pesquisa-aponta-que-44-dos-jovens-se-baseiam-nas-redes-sociais-para-investir\/\">Read more...<\/a>\n\t\t<\/div>\n\t<\/div>\n<\/article>\n\n<article class=\"post post-grid col-md-6 col-lg-4 post-3276 post type-post status-publish format-standard hentry category-noticias\">\n\t<div class=\"grid-box\">\n\t\t\t<div class=\"post-image single\">\n\t\t<div class=\"post-slideshow porto-carousel owl-carousel has-ccols ccols-1  nav-inside nav-inside-center nav-style-2 show-nav-hover\" data-plugin-options='{\"nav\":true}'>\n\t\t\t\t\t\t\t\t\t\t\t<a href=\"https:\/\/dornelesassessoria.com.br\/index.php\/2022\/01\/02\/com-aumento-significativo-mulheres-ja-representam-mais-de-48-dos-empreendedores-no-pais\/\" aria-label=\"post image\">\n\t\t\t\t\t\t\t\t<div class=\"img-thumbnail\">\n\t\t\t\t\t\t<img loading=\"lazy\" decoding=\"async\" width=\"400\" height=\"300\" src=\"https:\/\/dornelesassessoria.com.br\/wp-content\/uploads\/2022\/01\/n_49761_998ecb18c629f1bbc0e693184f18df24-400x300.jpg\" class=\"owl-lazy img-responsive\" alt=\"\" \/>\t\t\t\t\t\t\t\t\t\t\t\t\t<span class=\"zoom\" data-src=\"https:\/\/dornelesassessoria.com.br\/wp-content\/uploads\/2022\/01\/n_49761_998ecb18c629f1bbc0e693184f18df24.jpg\" data-title=\"\"><i class=\"fas fa-search\"><\/i><\/span>\n\t\t\t\t\t\t\t\t\t\t\t<\/div>\n\t\t\t\t\t\t\t\t<\/a>\n\t\t\t\t\t\t\t\t<\/div>\n\t\t\n\t\t\t\t\t\t\t\t<div class=\"post-date\"><span class=\"day\">02<\/span><span class=\"month\">jan<\/span><time datetime=\"2022-01-02\">2 de janeiro de 2022<\/time><\/div>\t\t\t<\/div>\n\t\n\t\t<!-- Post meta before content -->\n\t\t\t\t<div class=\"post-content\">\n\n\t\t\t<h4 aria-level=\"2\" class=\"entry-title\"><a href=\"https:\/\/dornelesassessoria.com.br\/index.php\/2022\/01\/02\/com-aumento-significativo-mulheres-ja-representam-mais-de-48-dos-empreendedores-no-pais\/\">Com aumento significativo, mulheres j\u00e1 representam mais de 48% dos empreendedores no pa\u00eds<\/a><\/h4>\n\t\t\t<span class=\"vcard\" style=\"display: none;\"><span class=\"fn\"><a href=\"https:\/\/dornelesassessoria.com.br\/index.php\/author\/cleber\/\" title=\"Posts de Cleber\" rel=\"author\">Cleber<\/a><\/span><\/span><span class=\"updated\" style=\"display:none\">2022-01-03T09:01:52-03:00<\/span><p class=\"post-excerpt\">Atualmente existem cerca de 30 milh\u00f5es de brasileiras empreendedoras no pa\u00eds, representando 48,7% de todo o mercado. Os dados s\u00e3o...<\/p>\t\t\t\t\t<\/div>\n\t\t<!-- Post meta after content -->\n\t\t<div class=\"post-meta\"><\/div>\t\t<div class=\"clearfix\">\n\t\t\t<a class=\"btn btn-xs btn-default text-xs text-uppercase btn-readmore\" href=\"https:\/\/dornelesassessoria.com.br\/index.php\/2022\/01\/02\/com-aumento-significativo-mulheres-ja-representam-mais-de-48-dos-empreendedores-no-pais\/\">Read more...<\/a>\n\t\t<\/div>\n\t<\/div>\n<\/article>\n\n<article class=\"post post-grid col-md-6 col-lg-4 post-3273 post type-post status-publish format-standard hentry category-noticias\">\n\t<div class=\"grid-box\">\n\t\t\t<div class=\"post-image single\">\n\t\t<div class=\"post-slideshow porto-carousel owl-carousel has-ccols ccols-1  nav-inside nav-inside-center nav-style-2 show-nav-hover\" data-plugin-options='{\"nav\":true}'>\n\t\t\t\t\t\t\t\t\t\t\t<a href=\"https:\/\/dornelesassessoria.com.br\/index.php\/2022\/01\/02\/calendario-2022-confira-as-datas-que-o-empreendedor-deve-ficar-de-olho-para-aumentar-suas-vendas\/\" aria-label=\"post image\">\n\t\t\t\t\t\t\t\t<div class=\"img-thumbnail\">\n\t\t\t\t\t\t<img loading=\"lazy\" decoding=\"async\" width=\"400\" height=\"300\" src=\"https:\/\/dornelesassessoria.com.br\/wp-content\/uploads\/2022\/01\/n_49799_d2502496974aa3c2aef7c73df640c3a3-400x300.jpg\" class=\"owl-lazy img-responsive\" alt=\"\" \/>\t\t\t\t\t\t\t\t\t\t\t\t\t<span class=\"zoom\" data-src=\"https:\/\/dornelesassessoria.com.br\/wp-content\/uploads\/2022\/01\/n_49799_d2502496974aa3c2aef7c73df640c3a3.jpg\" data-title=\"\"><i class=\"fas fa-search\"><\/i><\/span>\n\t\t\t\t\t\t\t\t\t\t\t<\/div>\n\t\t\t\t\t\t\t\t<\/a>\n\t\t\t\t\t\t\t\t<\/div>\n\t\t\n\t\t\t\t\t\t\t\t<div class=\"post-date\"><span class=\"day\">02<\/span><span class=\"month\">jan<\/span><time datetime=\"2022-01-02\">2 de janeiro de 2022<\/time><\/div>\t\t\t<\/div>\n\t\n\t\t<!-- Post meta before content -->\n\t\t\t\t<div class=\"post-content\">\n\n\t\t\t<h4 aria-level=\"2\" class=\"entry-title\"><a href=\"https:\/\/dornelesassessoria.com.br\/index.php\/2022\/01\/02\/calendario-2022-confira-as-datas-que-o-empreendedor-deve-ficar-de-olho-para-aumentar-suas-vendas\/\">Calend\u00e1rio 2022: confira as datas que o empreendedor deve ficar de olho para aumentar suas vendas<\/a><\/h4>\n\t\t\t<span class=\"vcard\" style=\"display: none;\"><span class=\"fn\"><a href=\"https:\/\/dornelesassessoria.com.br\/index.php\/author\/cleber\/\" title=\"Posts de Cleber\" rel=\"author\">Cleber<\/a><\/span><\/span><span class=\"updated\" style=\"display:none\">2022-01-03T09:00:03-03:00<\/span><p class=\"post-excerpt\">O pr\u00f3ximo ano j\u00e1 est\u00e1 a\u00ed e com isso as empresas n\u00e3o podem esperar muito para come\u00e7ar o planejamento de...<\/p>\t\t\t\t\t<\/div>\n\t\t<!-- Post meta after content -->\n\t\t<div class=\"post-meta\"><\/div>\t\t<div class=\"clearfix\">\n\t\t\t<a class=\"btn btn-xs btn-default text-xs text-uppercase btn-readmore\" href=\"https:\/\/dornelesassessoria.com.br\/index.php\/2022\/01\/02\/calendario-2022-confira-as-datas-que-o-empreendedor-deve-ficar-de-olho-para-aumentar-suas-vendas\/\">Read more...<\/a>\n\t\t<\/div>\n\t<\/div>\n<\/article>\n\n<article class=\"post post-grid col-md-6 col-lg-4 post-3254 post type-post status-publish format-standard hentry category-noticias\">\n\t<div class=\"grid-box\">\n\t\t\t<div class=\"post-image single\">\n\t\t<div class=\"post-slideshow porto-carousel owl-carousel has-ccols ccols-1  nav-inside nav-inside-center nav-style-2 show-nav-hover\" data-plugin-options='{\"nav\":true}'>\n\t\t\t\t\t\t\t\t\t\t\t<a href=\"https:\/\/dornelesassessoria.com.br\/index.php\/2022\/01\/02\/mei-pode-realizar-anuncios-patrocinados-nas-redes-sociais-entenda-a-finalidade-e-dicas-sobre-como-fazer\/\" aria-label=\"post image\">\n\t\t\t\t\t\t\t\t<div class=\"img-thumbnail\">\n\t\t\t\t\t\t<img loading=\"lazy\" decoding=\"async\" width=\"400\" height=\"300\" src=\"https:\/\/dornelesassessoria.com.br\/wp-content\/uploads\/2022\/01\/n_49798_145ad461d3e775990f63f4f579576fa8-400x300.jpg\" class=\"owl-lazy img-responsive\" alt=\"\" \/>\t\t\t\t\t\t\t\t\t\t\t\t\t<span class=\"zoom\" data-src=\"https:\/\/dornelesassessoria.com.br\/wp-content\/uploads\/2022\/01\/n_49798_145ad461d3e775990f63f4f579576fa8.jpg\" data-title=\"\"><i class=\"fas fa-search\"><\/i><\/span>\n\t\t\t\t\t\t\t\t\t\t\t<\/div>\n\t\t\t\t\t\t\t\t<\/a>\n\t\t\t\t\t\t\t\t<\/div>\n\t\t\n\t\t\t\t\t\t\t\t<div class=\"post-date\"><span class=\"day\">02<\/span><span class=\"month\">jan<\/span><time datetime=\"2022-01-02\">2 de janeiro de 2022<\/time><\/div>\t\t\t<\/div>\n\t\n\t\t<!-- Post meta before content -->\n\t\t\t\t<div class=\"post-content\">\n\n\t\t\t<h4 aria-level=\"2\" class=\"entry-title\"><a href=\"https:\/\/dornelesassessoria.com.br\/index.php\/2022\/01\/02\/mei-pode-realizar-anuncios-patrocinados-nas-redes-sociais-entenda-a-finalidade-e-dicas-sobre-como-fazer\/\">MEI pode realizar an\u00fancios patrocinados nas redes sociais, entenda a finalidade e dicas sobre como fazer<\/a><\/h4>\n\t\t\t<span class=\"vcard\" style=\"display: none;\"><span class=\"fn\"><a href=\"https:\/\/dornelesassessoria.com.br\/index.php\/author\/cleber\/\" title=\"Posts de Cleber\" rel=\"author\">Cleber<\/a><\/span><\/span><span class=\"updated\" style=\"display:none\">2022-01-03T08:45:06-03:00<\/span><p class=\"post-excerpt\">Os an\u00fancios patrocinados, vistos e sinalizados como publi posts nas redes sociais, podem (e devem) ser usados pelo Microempreendedor Individual...<\/p>\t\t\t\t\t<\/div>\n\t\t<!-- Post meta after content -->\n\t\t<div class=\"post-meta\"><\/div>\t\t<div class=\"clearfix\">\n\t\t\t<a class=\"btn btn-xs btn-default text-xs text-uppercase btn-readmore\" href=\"https:\/\/dornelesassessoria.com.br\/index.php\/2022\/01\/02\/mei-pode-realizar-anuncios-patrocinados-nas-redes-sociais-entenda-a-finalidade-e-dicas-sobre-como-fazer\/\">Read more...<\/a>\n\t\t<\/div>\n\t<\/div>\n<\/article>\n\n<article class=\"post post-grid col-md-6 col-lg-4 post-3257 post type-post status-publish format-standard hentry category-noticias\">\n\t<div class=\"grid-box\">\n\t\t\t<div class=\"post-image single\">\n\t\t<div class=\"post-slideshow porto-carousel owl-carousel has-ccols ccols-1  nav-inside nav-inside-center nav-style-2 show-nav-hover\" data-plugin-options='{\"nav\":true}'>\n\t\t\t\t\t\t\t\t\t\t\t<a href=\"https:\/\/dornelesassessoria.com.br\/index.php\/2021\/12\/31\/confira-dicas-para-melhorar-a-comunicacao-interna-nas-empresas-neste-novo-ano\/\" aria-label=\"post image\">\n\t\t\t\t\t\t\t\t<div class=\"img-thumbnail\">\n\t\t\t\t\t\t<img loading=\"lazy\" decoding=\"async\" width=\"400\" height=\"300\" src=\"https:\/\/dornelesassessoria.com.br\/wp-content\/uploads\/2022\/01\/n_49797_11aac2b56d91d434a9d2ce2b259e18ce-400x300.jpg\" class=\"owl-lazy img-responsive\" alt=\"\" \/>\t\t\t\t\t\t\t\t\t\t\t\t\t<span class=\"zoom\" data-src=\"https:\/\/dornelesassessoria.com.br\/wp-content\/uploads\/2022\/01\/n_49797_11aac2b56d91d434a9d2ce2b259e18ce.jpg\" data-title=\"\"><i class=\"fas fa-search\"><\/i><\/span>\n\t\t\t\t\t\t\t\t\t\t\t<\/div>\n\t\t\t\t\t\t\t\t<\/a>\n\t\t\t\t\t\t\t\t<\/div>\n\t\t\n\t\t\t\t\t\t\t\t<div class=\"post-date\"><span class=\"day\">31<\/span><span class=\"month\">dez<\/span><time datetime=\"2021-12-31\">31 de dezembro de 2021<\/time><\/div>\t\t\t<\/div>\n\t\n\t\t<!-- Post meta before content -->\n\t\t\t\t<div class=\"post-content\">\n\n\t\t\t<h4 aria-level=\"2\" class=\"entry-title\"><a href=\"https:\/\/dornelesassessoria.com.br\/index.php\/2021\/12\/31\/confira-dicas-para-melhorar-a-comunicacao-interna-nas-empresas-neste-novo-ano\/\">Confira dicas para melhorar a comunica\u00e7\u00e3o interna nas empresas neste novo ano<\/a><\/h4>\n\t\t\t<span class=\"vcard\" style=\"display: none;\"><span class=\"fn\"><a href=\"https:\/\/dornelesassessoria.com.br\/index.php\/author\/cleber\/\" title=\"Posts de Cleber\" rel=\"author\">Cleber<\/a><\/span><\/span><span class=\"updated\" style=\"display:none\">2022-01-03T09:36:06-03:00<\/span><p class=\"post-excerpt\">A pandemia acelerou a transforma\u00e7\u00e3o digital e a migra\u00e7\u00e3o dos profissionais para o trabalho remoto e regimes h\u00edbridos. Sem a...<\/p>\t\t\t\t\t<\/div>\n\t\t<!-- Post meta after content -->\n\t\t<div class=\"post-meta\"><\/div>\t\t<div class=\"clearfix\">\n\t\t\t<a class=\"btn btn-xs btn-default text-xs text-uppercase btn-readmore\" href=\"https:\/\/dornelesassessoria.com.br\/index.php\/2021\/12\/31\/confira-dicas-para-melhorar-a-comunicacao-interna-nas-empresas-neste-novo-ano\/\">Read more...<\/a>\n\t\t<\/div>\n\t<\/div>\n<\/article>\n\n<article class=\"post post-grid col-md-6 col-lg-4 post-3260 post type-post status-publish format-standard hentry category-noticias\">\n\t<div class=\"grid-box\">\n\t\t\t<div class=\"post-image single\">\n\t\t<div class=\"post-slideshow porto-carousel owl-carousel has-ccols ccols-1  nav-inside nav-inside-center nav-style-2 show-nav-hover\" data-plugin-options='{\"nav\":true}'>\n\t\t\t\t\t\t\t\t\t\t\t<a href=\"https:\/\/dornelesassessoria.com.br\/index.php\/2021\/12\/30\/sst-entenda-importancia-dos-dados-da-saude-e-seguranca-do-trabalho-para-o-esocial\/\" aria-label=\"post image\">\n\t\t\t\t\t\t\t\t<div class=\"img-thumbnail\">\n\t\t\t\t\t\t<img loading=\"lazy\" decoding=\"async\" width=\"400\" height=\"300\" src=\"https:\/\/dornelesassessoria.com.br\/wp-content\/uploads\/2022\/01\/n_49843_d9798cdf31c02d86b8b81cc119d94836-400x300.jpg\" class=\"owl-lazy img-responsive\" alt=\"\" \/>\t\t\t\t\t\t\t\t\t\t\t\t\t<span class=\"zoom\" data-src=\"https:\/\/dornelesassessoria.com.br\/wp-content\/uploads\/2022\/01\/n_49843_d9798cdf31c02d86b8b81cc119d94836.jpg\" data-title=\"\"><i class=\"fas fa-search\"><\/i><\/span>\n\t\t\t\t\t\t\t\t\t\t\t<\/div>\n\t\t\t\t\t\t\t\t<\/a>\n\t\t\t\t\t\t\t\t<\/div>\n\t\t\n\t\t\t\t\t\t\t\t<div class=\"post-date\"><span class=\"day\">30<\/span><span class=\"month\">dez<\/span><time datetime=\"2021-12-30\">30 de dezembro de 2021<\/time><\/div>\t\t\t<\/div>\n\t\n\t\t<!-- Post meta before content -->\n\t\t\t\t<div class=\"post-content\">\n\n\t\t\t<h4 aria-level=\"2\" class=\"entry-title\"><a href=\"https:\/\/dornelesassessoria.com.br\/index.php\/2021\/12\/30\/sst-entenda-importancia-dos-dados-da-saude-e-seguranca-do-trabalho-para-o-esocial\/\">SST: entenda import\u00e2ncia dos dados da sa\u00fade e seguran\u00e7a do trabalho para o eSocial<\/a><\/h4>\n\t\t\t<span class=\"vcard\" style=\"display: none;\"><span class=\"fn\"><a href=\"https:\/\/dornelesassessoria.com.br\/index.php\/author\/cleber\/\" title=\"Posts de Cleber\" rel=\"author\">Cleber<\/a><\/span><\/span><span class=\"updated\" style=\"display:none\">2022-01-03T08:50:16-03:00<\/span><p class=\"post-excerpt\">A sa\u00fade e seguran\u00e7a do trabalho \u00e9 uma \u00e1rea especializada em cuidar da sa\u00fade dos colaboradores e em prevenir\u00a0 acidentes...<\/p>\t\t\t\t\t<\/div>\n\t\t<!-- Post meta after content -->\n\t\t<div class=\"post-meta\"><\/div>\t\t<div class=\"clearfix\">\n\t\t\t<a class=\"btn btn-xs btn-default text-xs text-uppercase btn-readmore\" href=\"https:\/\/dornelesassessoria.com.br\/index.php\/2021\/12\/30\/sst-entenda-importancia-dos-dados-da-saude-e-seguranca-do-trabalho-para-o-esocial\/\">Read more...<\/a>\n\t\t<\/div>\n\t<\/div>\n<\/article>\n\n\t\n\t\t\t<\/div>\n\t\t<\/div>\n\n\t\n\t\t\t\t\t\t<div class=\"clearfix\"><\/div>\n\t\t\t<div class=\"pagination-wrap\">\n\t\t\t\t\t\t\t\t<div class=\"pagination\" role=\"navigation\">\n\t\t\t\t\t<span aria-current=\"page\" class=\"page-numbers current\">1<\/span><a class=\"page-numbers\" href=\"https:\/\/dornelesassessoria.com.br\/index.php\/wp-json\/wp\/v2\/pages\/3111\/page\/2\/\">2<\/a><a class=\"next page-numbers\" href=\"https:\/\/dornelesassessoria.com.br\/index.php\/wp-json\/wp\/v2\/pages\/3111\/page\/2\/\">Next&nbsp;&nbsp;<i class=\"fas fa-long-arrow-alt-right\"><\/i><\/a>\t\t\t\t<\/div>\n\t\t\t<\/div>\n\t\t\t\t\n\t<\/div>[\/vc_column][\/vc_row]<\/p>\n<\/div>","protected":false},"excerpt":{"rendered":"<p>[vc_row][vc_column][vc_empty_space][\/vc_column][\/vc_row][vc_row wrap_container=&#8221;yes&#8221;][vc_column][\/vc_column][\/vc_row]<\/p>\n","protected":false},"author":3,"featured_media":0,"parent":0,"menu_order":0,"comment_status":"closed","ping_status":"closed","template":"","meta":{"footnotes":""},"class_list":["post-3111","page","type-page","status-publish","hentry"],"_links":{"self":[{"href":"https:\/\/dornelesassessoria.com.br\/index.php\/wp-json\/wp\/v2\/pages\/3111","targetHints":{"allow":["GET"]}}],"collection":[{"href":"https:\/\/dornelesassessoria.com.br\/index.php\/wp-json\/wp\/v2\/pages"}],"about":[{"href":"https:\/\/dornelesassessoria.com.br\/index.php\/wp-json\/wp\/v2\/types\/page"}],"author":[{"embeddable":true,"href":"https:\/\/dornelesassessoria.com.br\/index.php\/wp-json\/wp\/v2\/users\/3"}],"replies":[{"embeddable":true,"href":"https:\/\/dornelesassessoria.com.br\/index.php\/wp-json\/wp\/v2\/comments?post=3111"}],"version-history":[{"count":11,"href":"https:\/\/dornelesassessoria.com.br\/index.php\/wp-json\/wp\/v2\/pages\/3111\/revisions"}],"predecessor-version":[{"id":3299,"href":"https:\/\/dornelesassessoria.com.br\/index.php\/wp-json\/wp\/v2\/pages\/3111\/revisions\/3299"}],"wp:attachment":[{"href":"https:\/\/dornelesassessoria.com.br\/index.php\/wp-json\/wp\/v2\/media?parent=3111"}],"curies":[{"name":"wp","href":"https:\/\/api.w.org\/{rel}","templated":true}]}}